{"id":15,"date":"2014-03-21T10:33:40","date_gmt":"2014-03-21T08:33:40","guid":{"rendered":"http:\/\/www.koenigl-edv.de\/httpdocs\/?page_id=15"},"modified":"2018-05-18T12:31:31","modified_gmt":"2018-05-18T10:31:31","slug":"unternehmen","status":"publish","type":"page","link":"https:\/\/www.koenigl-edv.de\/?page_id=15","title":{"rendered":"Unternehmen"},"content":{"rendered":"<p><strong>\u00a0Sie m\u00f6chten uns kennenlernen?<\/strong><\/p>\n<div id=\"attachment_10\" style=\"width: 210px\" class=\"wp-caption alignleft\"><img loading=\"lazy\" decoding=\"async\" aria-describedby=\"caption-attachment-10\" class=\"size-full wp-image-10\" src=\"https:\/\/www.koenigl-edv.de\/wp-content\/uploads\/2014\/03\/bernd.png\" alt=\"Bernd K\u00f6nigl\" width=\"200\" height=\"186\" \/><p id=\"caption-attachment-10\" class=\"wp-caption-text\">Bernd K\u00f6nigl<\/p><\/div>\n<div id=\"attachment_10\" style=\"width: 210px\" class=\"wp-caption alignleft\"><img loading=\"lazy\" decoding=\"async\" aria-describedby=\"caption-attachment-10\" class=\"size-full wp-image-10\" src=\"https:\/\/www.koenigl-edv.de\/wp-content\/uploads\/2014\/03\/kerstin.png\" alt=\"Kerstin K\u00f6nigl\" width=\"200\" height=\"186\" \/><p id=\"caption-attachment-10\" class=\"wp-caption-text\">Kerstin K\u00f6nigl<\/p><\/div>\n<p>&nbsp;<\/p>\n<p style=\"text-align: left;\">Gerne vereinbaren wir mit Ihnen einen Termin in Ihren R\u00e4umlichkeiten, denn nichts ist aussagef\u00e4higer als ein pers\u00f6nliches Gespr\u00e4ch.<\/p>\n<p>&nbsp;<\/p>\n<p>&nbsp;<\/p>\n<p>&nbsp;<\/p>\n<p>&nbsp;<\/p>\n<p>&nbsp;<\/p>\n<p>K\u00f6nigl<br \/>\nEDV-Technik<br \/>\nBlumenstra\u00dfe 11<br \/>\n66822 Lebach<\/p>\n<p>Telefon: (06881) 9809656<br \/>\nTelefax: (06881) 9809657<\/p>\n<p>E-Mail: <a href=\"mailto:info@koenigl-edv.de\"><u><span style=\"color: #e34c00;\">info(at)koenigl-edv.de<\/span><\/u><\/a><\/p>\n","protected":false},"excerpt":{"rendered":"<p>\u00a0Sie m\u00f6chten uns kennenlernen? &nbsp; Gerne vereinbaren wir mit Ihnen einen Termin in Ihren R\u00e4umlichkeiten, denn nichts ist aussagef\u00e4higer als ein pers\u00f6nliches Gespr\u00e4ch. &nbsp; &nbsp; &nbsp; &nbsp; &nbsp; K\u00f6nigl EDV-Technik Blumenstra\u00dfe 11 66822 Lebach Telefon: (06881) 9809656 Telefax: (06881) 9809657 E-Mail: info(at)koenigl-edv.de<\/p>\n","protected":false},"author":1,"featured_media":0,"parent":0,"menu_order":0,"comment_status":"closed","ping_status":"closed","template":"template-fullwidth.php","meta":{"footnotes":""},"_links":{"self":[{"href":"https:\/\/www.koenigl-edv.de\/index.php?rest_route=\/wp\/v2\/pages\/15"}],"collection":[{"href":"https:\/\/www.koenigl-edv.de\/index.php?rest_route=\/wp\/v2\/pages"}],"about":[{"href":"https:\/\/www.koenigl-edv.de\/index.php?rest_route=\/wp\/v2\/types\/page"}],"author":[{"embeddable":true,"href":"https:\/\/www.koenigl-edv.de\/index.php?rest_route=\/wp\/v2\/users\/1"}],"replies":[{"embeddable":true,"href":"https:\/\/www.koenigl-edv.de\/index.php?rest_route=%2Fwp%2Fv2%2Fcomments&post=15"}],"version-history":[{"count":64,"href":"https:\/\/www.koenigl-edv.de\/index.php?rest_route=\/wp\/v2\/pages\/15\/revisions"}],"predecessor-version":[{"id":363,"href":"https:\/\/www.koenigl-edv.de\/index.php?rest_route=\/wp\/v2\/pages\/15\/revisions\/363"}],"wp:attachment":[{"href":"https:\/\/www.koenigl-edv.de\/index.php?rest_route=%2Fwp%2Fv2%2Fmedia&parent=15"}],"curies":[{"name":"wp","href":"https:\/\/api.w.org\/{rel}","templated":true}]}}